{"id":559,"date":"2025-09-29T09:49:15","date_gmt":"2025-09-29T07:49:15","guid":{"rendered":"https:\/\/thegooddentist.pl\/?page_id=559"},"modified":"2025-09-29T10:05:13","modified_gmt":"2025-09-29T08:05:13","slug":"polityka-prywatnosci","status":"publish","type":"page","link":"https:\/\/thegooddentist.pl\/en\/polityka-prywatnosci\/","title":{"rendered":"Privacy Policy"},"content":{"rendered":"<div data-elementor-type=\"wp-page\" data-elementor-id=\"559\" class=\"elementor elementor-559\">\n\t\t\t\t<div class=\"elementor-element elementor-element-423aa725 e-flex e-con-boxed e-con e-parent\" data-id=\"423aa725\" data-element_type=\"container\" data-e-type=\"container\" data-settings=\"{&quot;background_background&quot;:&quot;classic&quot;}\">\n\t\t\t\t\t<div class=\"e-con-inner\">\n\t\t\t\t<div class=\"elementor-element elementor-element-35092093 elementor-widget elementor-widget-heading\" data-id=\"35092093\" data-element_type=\"widget\" data-e-type=\"widget\" data-widget_type=\"heading.default\">\n\t\t\t\t\t<h1 class=\"elementor-heading-title elementor-size-default\">Privacy Policy<\/h1>\t\t\t\t<\/div>\n\t\t\t\t\t<\/div>\n\t\t\t\t<\/div>\n\t\t<div class=\"elementor-element elementor-element-58aa0e8 e-flex e-con-boxed e-con e-parent\" data-id=\"58aa0e8\" data-element_type=\"container\" data-e-type=\"container\">\n\t\t\t\t\t<div class=\"e-con-inner\">\n\t\t\t\t<div class=\"elementor-element elementor-element-06814ca elementor-widget elementor-widget-text-editor\" data-id=\"06814ca\" data-element_type=\"widget\" data-e-type=\"widget\" data-widget_type=\"text-editor.default\">\n\t\t\t\t\t\t\t\t\t<h2 data-start=\"429\" data-end=\"454\">1. General information<\/h2><p data-start=\"455\" data-end=\"697\">The privacy policy covers the rules for the use and protection of personal data provided by the user in connection with the use of the website <a class=\"decorated-link\" href=\"https:\/\/thegooddentist.pl\/en\/\" target=\"_new\" rel=\"noopener\" data-start=\"622\" data-end=\"676\">https:\/\/thegooddentist.pl<\/a> (hereinafter referred to as the \"Website\").<\/p><p data-start=\"699\" data-end=\"921\">The personal data administrator is:<br data-start=\"737\" data-end=\"740\" \/><strong data-start=\"740\" data-end=\"778\">The Good Dentist Maciej Czerwi\u0144ski<\/strong><br data-start=\"778\" data-end=\"781\" \/>ul. Kr\u0119ta 3a, 87-103 Ma\u0142a Nieszawka<br data-start=\"816\" data-end=\"819\" \/>NIP: 9562171160, REGON: 340733989<br data-start=\"852\" data-end=\"855\" \/>e-mail: <a class=\"decorated-link cursor-pointer\" rel=\"noopener\" data-start=\"863\" data-end=\"892\">successstairscourse@gmail.com<\/a><br data-start=\"892\" data-end=\"895\" \/>phone: +48 606 432 441<\/p><h2 data-start=\"923\" data-end=\"965\">2. Scope and purposes of data processing<\/h2><ol data-start=\"966\" data-end=\"1485\"><li data-start=\"966\" data-end=\"1192\"><p data-start=\"969\" data-end=\"1192\">The Administrator collects personal data provided by Users in the forms available on the Website, such as: name and surname, e-mail address, telephone number, company details (name, tax identification number, address), Facebook nickname, discount code.<\/p><\/li><li data-start=\"1193\" data-end=\"1485\"><p data-start=\"1196\" data-end=\"1242\">Data is processed for the following purposes:<\/p><ul data-start=\"1246\" data-end=\"1485\"><li data-start=\"1246\" data-end=\"1282\"><p data-start=\"1248\" data-end=\"1282\">registration for training,<\/p><\/li><li data-start=\"1286\" data-end=\"1325\"><p data-start=\"1288\" data-end=\"1325\">contact for organizational matters,<\/p><\/li><li data-start=\"1329\" data-end=\"1367\"><p data-start=\"1331\" data-end=\"1367\">issuing accounting documents,<\/p><\/li><li data-start=\"1371\" data-end=\"1422\"><p data-start=\"1373\" data-end=\"1422\">fulfillment of the Administrator's legal obligations,<\/p><\/li><li data-start=\"1426\" data-end=\"1485\"><p data-start=\"1428\" data-end=\"1485\">marketing of own services (based on separate consent).<\/p><\/li><\/ul><\/li><\/ol><p data-start=\"1487\" data-end=\"1571\">Providing data is voluntary, but necessary to register for training.<\/p><h2 data-start=\"1573\" data-end=\"1610\">3. Legal basis for processing<\/h2><p data-start=\"1611\" data-end=\"1655\">Personal data are processed on the basis of:<\/p><ul data-start=\"1656\" data-end=\"1971\"><li data-start=\"1656\" data-end=\"1725\"><p data-start=\"1658\" data-end=\"1725\">Article 6(1)(b) of the GDPR \u2013 performance of the contract (participation in training),<\/p><\/li><li data-start=\"1726\" data-end=\"1791\"><p data-start=\"1728\" data-end=\"1791\">Article 6(1)(c) of the GDPR \u2013 legal obligations (e.g. tax obligations),<\/p><\/li><li data-start=\"1792\" data-end=\"1891\"><p data-start=\"1794\" data-end=\"1891\">Article 6(1)(f) of the GDPR \u2013 legitimate interest of the Controller (e.g. defense against claims),<\/p><\/li><li data-start=\"1892\" data-end=\"1971\"><p data-start=\"1894\" data-end=\"1971\">Article 6(1)(a) of the GDPR \u2013 User consent (e.g. marketing activities).<\/p><\/li><\/ul><h2 data-start=\"1973\" data-end=\"1996\">4. Data recipients<\/h2><p data-start=\"1997\" data-end=\"2026\">Dane mog\u0105 by\u0107 udost\u0119pniane:<\/p><ul data-start=\"2027\" data-end=\"2178\"><li data-start=\"2027\" data-end=\"2113\"><p data-start=\"2029\" data-end=\"2113\">entities providing services to the Controller (e.g. IT services, accounting),<\/p><\/li><li data-start=\"2114\" data-end=\"2178\"><p data-start=\"2116\" data-end=\"2178\">state authorities authorized under the law.<\/p><\/li><\/ul><h2 data-start=\"2180\" data-end=\"2214\">5. Data storage period<\/h2><ul data-start=\"2215\" data-end=\"2429\"><li data-start=\"2215\" data-end=\"2293\"><p data-start=\"2217\" data-end=\"2293\">Data related to the implementation of the training \u2013 until the limitation period for contractual claims,<\/p><\/li><li data-start=\"2294\" data-end=\"2360\"><p data-start=\"2296\" data-end=\"2360\">Accounting data \u2013 in accordance with tax regulations (min. 5 years),<\/p><\/li><li data-start=\"2361\" data-end=\"2429\"><p data-start=\"2363\" data-end=\"2429\">Data processed on the basis of consent \u2013 \u200b\u200buntil it is withdrawn.<\/p><\/li><\/ul><h2 data-start=\"2431\" data-end=\"2456\">6. User Rights<\/h2><p data-start=\"2457\" data-end=\"2482\">The user has the right to:<\/p><ul data-start=\"2483\" data-end=\"2696\"><li data-start=\"2483\" data-end=\"2505\"><p data-start=\"2485\" data-end=\"2505\">access to data,<\/p><\/li><li data-start=\"2506\" data-end=\"2530\"><p data-start=\"2508\" data-end=\"2530\">rectification of data,<\/p><\/li><li data-start=\"2531\" data-end=\"2552\"><p data-start=\"2533\" data-end=\"2552\">deletion of data,<\/p><\/li><li data-start=\"2553\" data-end=\"2584\"><p data-start=\"2555\" data-end=\"2584\">processing restrictions,<\/p><\/li><li data-start=\"2585\" data-end=\"2609\"><p data-start=\"2587\" data-end=\"2609\">data transfer,<\/p><\/li><li data-start=\"2610\" data-end=\"2655\"><p data-start=\"2612\" data-end=\"2655\">object to processing,<\/p><\/li><li data-start=\"2656\" data-end=\"2696\"><p data-start=\"2658\" data-end=\"2696\">withdraw consent at any time.<\/p><\/li><\/ul><p data-start=\"2698\" data-end=\"2843\">To exercise your rights, please contact us at: <strong data-start=\"2758\" data-end=\"2791\"><a class=\"decorated-link cursor-pointer\" rel=\"noopener\" data-start=\"2760\" data-end=\"2789\">successstairscourse@gmail.com<\/a><\/strong>.<br data-start=\"2792\" data-end=\"2795\" \/>The user may file a complaint with the President of the Personal Data Protection Office.<\/p><h2 data-start=\"2845\" data-end=\"2866\">7. Cookies<\/h2><ol data-start=\"2867\" data-end=\"3149\"><li data-start=\"2867\" data-end=\"3069\"><p data-start=\"2870\" data-end=\"2912\">The website uses cookies to:<\/p><ul data-start=\"2916\" data-end=\"3069\"><li data-start=\"2916\" data-end=\"2955\"><p data-start=\"2918\" data-end=\"2955\">ensuring proper operation,<\/p><\/li><li data-start=\"2959\" data-end=\"3000\"><p data-start=\"2961\" data-end=\"3000\">traffic analysis (e.g. Google Analytics),<\/p><\/li><li data-start=\"3004\" data-end=\"3069\"><p data-start=\"3006\" data-end=\"3069\">marketing activities (Facebook Pixel).<\/p><\/li><\/ul><\/li><li data-start=\"3070\" data-end=\"3149\"><p data-start=\"3073\" data-end=\"3149\">The user may change cookie settings in their browser at any time.<\/p><\/li><\/ol><h2 data-start=\"3151\" data-end=\"3180\">8. Safety measures<\/h2><p data-start=\"3181\" data-end=\"3321\">The Administrator uses technical and organizational measures to protect data against unauthorized access and unlawful processing.<\/p><h2 data-start=\"3323\" data-end=\"3338\">9. Contact<\/h2><p data-start=\"3339\" data-end=\"3516\">In matters related to personal data protection, please contact:<br data-start=\"3406\" data-end=\"3409\" \/><strong data-start=\"3409\" data-end=\"3447\">The Good Dentist Maciej Czerwi\u0144ski<\/strong><br data-start=\"3447\" data-end=\"3450\" \/>e-mail: <a class=\"decorated-link cursor-pointer\" rel=\"noopener\" data-start=\"3458\" data-end=\"3487\">successstairscourse@gmail.com<\/a><br data-start=\"3487\" data-end=\"3490\" \/>phone: +48 606 432 441<\/p>\t\t\t\t\t\t\t\t<\/div>\n\t\t\t\t\t<\/div>\n\t\t\t\t<\/div>\n\t\t<div class=\"elementor-element elementor-element-616e610 e-flex e-con-boxed e-con e-parent\" data-id=\"616e610\" data-element_type=\"container\" data-e-type=\"container\">\n\t\t\t\t\t<div class=\"e-con-inner\">\n\t\t\t\t<div class=\"elementor-element elementor-element-83d02f2 elementor-widget elementor-widget-text-editor\" data-id=\"83d02f2\" data-element_type=\"widget\" data-e-type=\"widget\" data-widget_type=\"text-editor.default\">\n\t\t\t\t\t\t\t\t\t<h1 data-start=\"3523\" data-end=\"3550\">Cookie policy<\/h1><ol data-start=\"3552\" data-end=\"3978\"><li data-start=\"3552\" data-end=\"3703\"><p data-start=\"3555\" data-end=\"3703\">The website uses cookies to improve the quality of services, ensure full functionality and tailor content to user preferences.<\/p><\/li><li data-start=\"3704\" data-end=\"3794\"><p data-start=\"3707\" data-end=\"3794\">Cookies do not contain data that allows direct identification of the User.<\/p><\/li><li data-start=\"3795\" data-end=\"3883\"><p data-start=\"3798\" data-end=\"3883\">The user can manage cookies in their web browser settings.<\/p><\/li><li data-start=\"3884\" data-end=\"3978\"><p data-start=\"3887\" data-end=\"3978\">By using the Website without changing your browser settings, you consent to the use of cookies.<\/p><\/li><\/ol>\t\t\t\t\t\t\t\t<\/div>\n\t\t\t\t\t<\/div>\n\t\t\t\t<\/div>\n\t\t<div class=\"elementor-element elementor-element-3e8db69 e-flex e-con-boxed e-con e-parent\" data-id=\"3e8db69\" data-element_type=\"container\" data-e-type=\"container\">\n\t\t\t\t\t<div class=\"e-con-inner\">\n\t\t\t\t<div class=\"elementor-element elementor-element-2c8d104 elementor-widget elementor-widget-text-editor\" data-id=\"2c8d104\" data-element_type=\"widget\" data-e-type=\"widget\" data-widget_type=\"text-editor.default\">\n\t\t\t\t\t\t\t\t\t<h1 data-start=\"3985\" data-end=\"4029\">GDPR information clause for forms<\/h1><p data-start=\"4031\" data-end=\"4081\">Pursuant to Article 13 paragraphs 1 and 2 of the GDPR, I hereby inform you that:<\/p><ol data-start=\"4082\" data-end=\"4986\"><li data-start=\"4082\" data-end=\"4263\"><p data-start=\"4085\" data-end=\"4263\">The administrator of personal data is <strong data-start=\"4123\" data-end=\"4161\">The Good Dentist Maciej Czerwi\u0144ski<\/strong>, ul. Kr\u0119ta 3a, 87-103 Ma\u0142a Nieszawka, e-mail: <a class=\"decorated-link cursor-pointer\" rel=\"noopener\" data-start=\"4208\" data-end=\"4237\">successstairscourse@gmail.com<\/a>, phone: +48 606 432 441.<\/p><\/li><li data-start=\"4264\" data-end=\"4364\"><p data-start=\"4267\" data-end=\"4364\">Personal data will be processed to process your training application and for accounting purposes.<\/p><\/li><li data-start=\"4365\" data-end=\"4489\"><p data-start=\"4368\" data-end=\"4489\">The legal basis for processing is Article 6(1)(b) of the GDPR (contract) and Article 6(1)(c) of the GDPR (legal obligations).<\/p><\/li><li data-start=\"4490\" data-end=\"4599\"><p data-start=\"4493\" data-end=\"4599\">Data may be transferred to entities providing services to the Controller (e.g. IT services, accounting).<\/p><\/li><li data-start=\"4600\" data-end=\"4697\"><p data-start=\"4603\" data-end=\"4697\">The data will be stored for the period required by law or until the limitation period for claims expires.<\/p><\/li><li data-start=\"4698\" data-end=\"4843\"><p data-start=\"4701\" data-end=\"4843\">The user has the right to access, rectify, delete, limit processing, transfer data and withdraw consent.<\/p><\/li><li data-start=\"4844\" data-end=\"4914\"><p data-start=\"4847\" data-end=\"4914\">In order to exercise your rights, please contact the Administrator.<\/p><\/li><li data-start=\"4915\" data-end=\"4986\"><p data-start=\"4918\" data-end=\"4986\">The User has the right to lodge a complaint with the President of the Personal Data Protection Office.<\/p><\/li><\/ol>\t\t\t\t\t\t\t\t<\/div>\n\t\t\t\t\t<\/div>\n\t\t\t\t<\/div>\n\t\t\t\t<\/div>","protected":false},"excerpt":{"rendered":"<p>Polityka prywatno\u015bci 1. Informacje og\u00f3lne Niniejsza Polityka prywatno\u015bci okre\u015bla zasady przetwarzania i ochrony danych osobowych przekazanych przez U\u017cytkownik\u00f3w w zwi\u0105zku [&hellip;]<\/p>\n","protected":false},"author":1,"featured_media":0,"parent":0,"menu_order":0,"comment_status":"closed","ping_status":"closed","template":"","meta":{"site-sidebar-layout":"no-sidebar","site-content-layout":"","ast-site-content-layout":"full-width-container","site-content-style":"default","site-sidebar-style":"default","ast-global-header-display":"","ast-banner-title-visibility":"","ast-main-header-display":"","ast-hfb-above-header-display":"","ast-hfb-below-header-display":"","ast-hfb-mobile-header-display":"","site-post-title":"disabled","ast-breadcrumbs-content":"","ast-featured-img":"disabled","footer-sml-layout":"","theme-transparent-header-meta":"","adv-header-id-meta":"","stick-header-meta":"","header-above-stick-meta":"","header-main-stick-meta":"","header-below-stick-meta":"","astra-migrate-meta-layouts":"default","ast-page-background-enabled":"default","ast-page-background-meta":{"desktop":{"background-color":"var(--ast-global-color-5)","background-image":"","background-repeat":"repeat","background-position":"center center","background-size":"auto","background-attachment":"scroll","background-type":"","background-media":"","overlay-type":"","overlay-color":"","overlay-opacity":"","overlay-gradient":""},"tablet":{"background-color":"","background-image":"","background-repeat":"repeat","background-position":"center center","background-size":"auto","background-attachment":"scroll","background-type":"","background-media":"","overlay-type":"","overlay-color":"","overlay-opacity":"","overlay-gradient":""},"mobile":{"background-color":"","background-image":"","background-repeat":"repeat","background-position":"center center","background-size":"auto","background-attachment":"scroll","background-type":"","background-media":"","overlay-type":"","overlay-color":"","overlay-opacity":"","overlay-gradient":""}},"ast-content-background-meta":{"desktop":{"background-color":"var(--ast-global-color-4)","background-image":"","background-repeat":"repeat","background-position":"center center","background-size":"auto","background-attachment":"scroll","background-type":"","background-media":"","overlay-type":"","overlay-color":"","overlay-opacity":"","overlay-gradient":""},"tablet":{"background-color":"var(--ast-global-color-4)","background-image":"","background-repeat":"repeat","background-position":"center center","background-size":"auto","background-attachment":"scroll","background-type":"","background-media":"","overlay-type":"","overlay-color":"","overlay-opacity":"","overlay-gradient":""},"mobile":{"background-color":"var(--ast-global-color-4)","background-image":"","background-repeat":"repeat","background-position":"center center","background-size":"auto","background-attachment":"scroll","background-type":"","background-media":"","overlay-type":"","overlay-color":"","overlay-opacity":"","overlay-gradient":""}},"footnotes":""},"class_list":["post-559","page","type-page","status-publish","hentry"],"yoast_head":"<!-- This site is optimized with the Yoast SEO plugin v27.6 - https:\/\/yoast.com\/product\/yoast-seo-wordpress\/ -->\n<title>Polityka prywatno\u015bci - The Good Dentist<\/title>\n<meta name=\"robots\" content=\"index, follow, max-snippet:-1, max-image-preview:large, max-video-preview:-1\" \/>\n<link rel=\"canonical\" href=\"https:\/\/thegooddentist.pl\/en\/polityka-prywatnosci\/\" \/>\n<meta property=\"og:locale\" content=\"en_GB\" \/>\n<meta property=\"og:type\" content=\"article\" \/>\n<meta property=\"og:title\" content=\"Polityka prywatno\u015bci - The Good Dentist\" \/>\n<meta property=\"og:description\" content=\"Polityka prywatno\u015bci 1. Informacje og\u00f3lne Niniejsza Polityka prywatno\u015bci okre\u015bla zasady przetwarzania i ochrony danych osobowych przekazanych przez U\u017cytkownik\u00f3w w zwi\u0105zku [&hellip;]\" \/>\n<meta property=\"og:url\" content=\"https:\/\/thegooddentist.pl\/en\/polityka-prywatnosci\/\" \/>\n<meta property=\"og:site_name\" content=\"The Good Dentist\" \/>\n<meta property=\"article:modified_time\" content=\"2025-09-29T08:05:13+00:00\" \/>\n<meta name=\"twitter:card\" content=\"summary_large_image\" \/>\n<meta name=\"twitter:label1\" content=\"Estimated reading time\" \/>\n\t<meta name=\"twitter:data1\" content=\"4 minutes\" \/>\n<script type=\"application\/ld+json\" class=\"yoast-schema-graph\">{\"@context\":\"https:\\\/\\\/schema.org\",\"@graph\":[{\"@type\":\"WebPage\",\"@id\":\"https:\\\/\\\/thegooddentist.pl\\\/polityka-prywatnosci\\\/\",\"url\":\"https:\\\/\\\/thegooddentist.pl\\\/polityka-prywatnosci\\\/\",\"name\":\"Polityka prywatno\u015bci - The Good Dentist\",\"isPartOf\":{\"@id\":\"https:\\\/\\\/thegooddentist.pl\\\/#website\"},\"datePublished\":\"2025-09-29T07:49:15+00:00\",\"dateModified\":\"2025-09-29T08:05:13+00:00\",\"breadcrumb\":{\"@id\":\"https:\\\/\\\/thegooddentist.pl\\\/polityka-prywatnosci\\\/#breadcrumb\"},\"inLanguage\":\"en-GB\",\"potentialAction\":[{\"@type\":\"ReadAction\",\"target\":[\"https:\\\/\\\/thegooddentist.pl\\\/polityka-prywatnosci\\\/\"]}]},{\"@type\":\"BreadcrumbList\",\"@id\":\"https:\\\/\\\/thegooddentist.pl\\\/polityka-prywatnosci\\\/#breadcrumb\",\"itemListElement\":[{\"@type\":\"ListItem\",\"position\":1,\"name\":\"Strona g\u0142\u00f3wna\",\"item\":\"https:\\\/\\\/thegooddentist.pl\\\/\"},{\"@type\":\"ListItem\",\"position\":2,\"name\":\"Polityka prywatno\u015bci\"}]},{\"@type\":\"WebSite\",\"@id\":\"https:\\\/\\\/thegooddentist.pl\\\/#website\",\"url\":\"https:\\\/\\\/thegooddentist.pl\\\/\",\"name\":\"The Good Dentist\",\"description\":\"\",\"publisher\":{\"@id\":\"https:\\\/\\\/thegooddentist.pl\\\/#organization\"},\"potentialAction\":[{\"@type\":\"SearchAction\",\"target\":{\"@type\":\"EntryPoint\",\"urlTemplate\":\"https:\\\/\\\/thegooddentist.pl\\\/?s={search_term_string}\"},\"query-input\":{\"@type\":\"PropertyValueSpecification\",\"valueRequired\":true,\"valueName\":\"search_term_string\"}}],\"inLanguage\":\"en-GB\"},{\"@type\":\"Organization\",\"@id\":\"https:\\\/\\\/thegooddentist.pl\\\/#organization\",\"name\":\"The Good Dentist\",\"url\":\"https:\\\/\\\/thegooddentist.pl\\\/\",\"logo\":{\"@type\":\"ImageObject\",\"inLanguage\":\"en-GB\",\"@id\":\"https:\\\/\\\/thegooddentist.pl\\\/#\\\/schema\\\/logo\\\/image\\\/\",\"url\":\"https:\\\/\\\/thegooddentist.pl\\\/wp-content\\\/uploads\\\/2025\\\/08\\\/cropped-Vector-File-03.jpg\",\"contentUrl\":\"https:\\\/\\\/thegooddentist.pl\\\/wp-content\\\/uploads\\\/2025\\\/08\\\/cropped-Vector-File-03.jpg\",\"width\":2210,\"height\":1352,\"caption\":\"The Good Dentist\"},\"image\":{\"@id\":\"https:\\\/\\\/thegooddentist.pl\\\/#\\\/schema\\\/logo\\\/image\\\/\"}}]}<\/script>\n<!-- \/ Yoast SEO plugin. -->","yoast_head_json":{"title":"Polityka prywatno\u015bci - The Good Dentist","robots":{"index":"index","follow":"follow","max-snippet":"max-snippet:-1","max-image-preview":"max-image-preview:large","max-video-preview":"max-video-preview:-1"},"canonical":"https:\/\/thegooddentist.pl\/en\/polityka-prywatnosci\/","og_locale":"en_GB","og_type":"article","og_title":"Polityka prywatno\u015bci - The Good Dentist","og_description":"Polityka prywatno\u015bci 1. Informacje og\u00f3lne Niniejsza Polityka prywatno\u015bci okre\u015bla zasady przetwarzania i ochrony danych osobowych przekazanych przez U\u017cytkownik\u00f3w w zwi\u0105zku [&hellip;]","og_url":"https:\/\/thegooddentist.pl\/en\/polityka-prywatnosci\/","og_site_name":"The Good Dentist","article_modified_time":"2025-09-29T08:05:13+00:00","twitter_card":"summary_large_image","twitter_misc":{"Estimated reading time":"4 minutes"},"schema":{"@context":"https:\/\/schema.org","@graph":[{"@type":"WebPage","@id":"https:\/\/thegooddentist.pl\/polityka-prywatnosci\/","url":"https:\/\/thegooddentist.pl\/polityka-prywatnosci\/","name":"Polityka prywatno\u015bci - The Good Dentist","isPartOf":{"@id":"https:\/\/thegooddentist.pl\/#website"},"datePublished":"2025-09-29T07:49:15+00:00","dateModified":"2025-09-29T08:05:13+00:00","breadcrumb":{"@id":"https:\/\/thegooddentist.pl\/polityka-prywatnosci\/#breadcrumb"},"inLanguage":"en-GB","potentialAction":[{"@type":"ReadAction","target":["https:\/\/thegooddentist.pl\/polityka-prywatnosci\/"]}]},{"@type":"BreadcrumbList","@id":"https:\/\/thegooddentist.pl\/polityka-prywatnosci\/#breadcrumb","itemListElement":[{"@type":"ListItem","position":1,"name":"Strona g\u0142\u00f3wna","item":"https:\/\/thegooddentist.pl\/"},{"@type":"ListItem","position":2,"name":"Polityka prywatno\u015bci"}]},{"@type":"WebSite","@id":"https:\/\/thegooddentist.pl\/#website","url":"https:\/\/thegooddentist.pl\/","name":"The Good Dentist","description":"","publisher":{"@id":"https:\/\/thegooddentist.pl\/#organization"},"potentialAction":[{"@type":"SearchAction","target":{"@type":"EntryPoint","urlTemplate":"https:\/\/thegooddentist.pl\/?s={search_term_string}"},"query-input":{"@type":"PropertyValueSpecification","valueRequired":true,"valueName":"search_term_string"}}],"inLanguage":"en-GB"},{"@type":"Organization","@id":"https:\/\/thegooddentist.pl\/#organization","name":"The Good Dentist","url":"https:\/\/thegooddentist.pl\/","logo":{"@type":"ImageObject","inLanguage":"en-GB","@id":"https:\/\/thegooddentist.pl\/#\/schema\/logo\/image\/","url":"https:\/\/thegooddentist.pl\/wp-content\/uploads\/2025\/08\/cropped-Vector-File-03.jpg","contentUrl":"https:\/\/thegooddentist.pl\/wp-content\/uploads\/2025\/08\/cropped-Vector-File-03.jpg","width":2210,"height":1352,"caption":"The Good Dentist"},"image":{"@id":"https:\/\/thegooddentist.pl\/#\/schema\/logo\/image\/"}}]}},"_links":{"self":[{"href":"https:\/\/thegooddentist.pl\/en\/wp-json\/wp\/v2\/pages\/559","targetHints":{"allow":["GET"]}}],"collection":[{"href":"https:\/\/thegooddentist.pl\/en\/wp-json\/wp\/v2\/pages"}],"about":[{"href":"https:\/\/thegooddentist.pl\/en\/wp-json\/wp\/v2\/types\/page"}],"author":[{"embeddable":true,"href":"https:\/\/thegooddentist.pl\/en\/wp-json\/wp\/v2\/users\/1"}],"replies":[{"embeddable":true,"href":"https:\/\/thegooddentist.pl\/en\/wp-json\/wp\/v2\/comments?post=559"}],"version-history":[{"count":16,"href":"https:\/\/thegooddentist.pl\/en\/wp-json\/wp\/v2\/pages\/559\/revisions"}],"predecessor-version":[{"id":578,"href":"https:\/\/thegooddentist.pl\/en\/wp-json\/wp\/v2\/pages\/559\/revisions\/578"}],"wp:attachment":[{"href":"https:\/\/thegooddentist.pl\/en\/wp-json\/wp\/v2\/media?parent=559"}],"curies":[{"name":"wp","href":"https:\/\/api.w.org\/{rel}","templated":true}]}}