{"id":696,"date":"2026-01-07T13:09:43","date_gmt":"2026-01-07T12:09:43","guid":{"rendered":"https:\/\/thegooddentist.pl\/?page_id=696"},"modified":"2026-01-07T13:30:59","modified_gmt":"2026-01-07T12:30:59","slug":"elementor-strona-696","status":"publish","type":"page","link":"https:\/\/thegooddentist.pl\/en\/elementor-strona-696\/","title":{"rendered":"Elementor Strona #696"},"content":{"rendered":"<div data-elementor-type=\"wp-page\" data-elementor-id=\"696\" class=\"elementor elementor-696\">\n\t\t\t\t<div class=\"elementor-element elementor-element-15cb932 e-flex e-con-boxed e-con e-parent\" data-id=\"15cb932\" data-element_type=\"container\" data-e-type=\"container\">\n\t\t\t\t\t<div class=\"e-con-inner\">\n\t\t\t\t<div class=\"elementor-element elementor-element-a4a5914 elementor-widget elementor-widget-image\" data-id=\"a4a5914\" data-element_type=\"widget\" data-e-type=\"widget\" data-widget_type=\"image.default\">\n\t\t\t\t\t\t\t\t\t\t\t\t\t\t\t<img fetchpriority=\"high\" decoding=\"async\" width=\"768\" height=\"432\" src=\"https:\/\/thegooddentist.pl\/wp-content\/uploads\/2026\/01\/logo-ssmile.001-2-768x432.jpeg\" class=\"attachment-medium_large size-medium_large wp-image-702\" alt=\"\" srcset=\"https:\/\/thegooddentist.pl\/wp-content\/uploads\/2026\/01\/logo-ssmile.001-2-768x432.jpeg 768w, https:\/\/thegooddentist.pl\/wp-content\/uploads\/2026\/01\/logo-ssmile.001-2-300x169.jpeg 300w, https:\/\/thegooddentist.pl\/wp-content\/uploads\/2026\/01\/logo-ssmile.001-2-1024x576.jpeg 1024w, https:\/\/thegooddentist.pl\/wp-content\/uploads\/2026\/01\/logo-ssmile.001-2-1536x864.jpeg 1536w, https:\/\/thegooddentist.pl\/wp-content\/uploads\/2026\/01\/logo-ssmile.001-2-18x10.jpeg 18w, https:\/\/thegooddentist.pl\/wp-content\/uploads\/2026\/01\/logo-ssmile.001-2.jpeg 1920w\" sizes=\"(max-width: 768px) 100vw, 768px\" \/>\t\t\t\t\t\t\t\t\t\t\t\t\t\t\t<\/div>\n\t\t\t\t<div class=\"elementor-element elementor-element-91db8d0 elementor-widget elementor-widget-text-editor\" data-id=\"91db8d0\" data-element_type=\"widget\" data-e-type=\"widget\" data-widget_type=\"text-editor.default\">\n\t\t\t\t\t\t\t\t\t<p><span style=\"caret-color: rgb(8, 8, 9); color: rgb(8, 8, 9); font-family: system-ui, -apple-system, BlinkMacSystemFont, &quot;.SFNSText-Regular&quot;, sans-serif; font-size: 15px;\">Success Smile to intensywne, 2-dniowe szkolenie teoretyczno-praktyczne, kt\u00f3re prezentuje nowoczesne, w pe\u0142ni powtarzalne podej\u015bcie do wykonywania bezpo\u015brednich lic\u00f3wek kompozytowych. Zosta\u0142o stworzone z my\u015bl\u0105 o lekarzach, kt\u00f3rzy nie czuj\u0105 si\u0119 artystami, maj\u0105 trudno\u015bci manualne albo \u2013 mimo wielu szkole\u0144 \u2013 nie potrafili prze\u0142o\u017cy\u0107 pokaz\u00f3w \u201ena \u017cywo\u201d na realn\u0105 prac\u0119 w swoim gabinecie.<\/span><br><\/p>\t\t\t\t\t\t\t\t<\/div>\n\t\t\t\t<div class=\"elementor-element elementor-element-dfac811 elementor-widget elementor-widget-text-editor\" data-id=\"dfac811\" data-element_type=\"widget\" data-e-type=\"widget\" data-widget_type=\"text-editor.default\">\n\t\t\t\t\t\t\t\t\t<p>To szkolenie powsta\u0142o z osobistego do\u015bwiadczenia. Sam wielokrotnie uczestniczy\u0142em w kursach estetycznych odbud\u00f3w kompozytowych, gdzie prowadz\u0105cy wykonywa\u0142 spektakularne prace, a ja \u2013 mimo wykonywania podobnych ruch\u00f3w \u2013 nie by\u0142em w stanie uzyska\u0107 zbli\u017conego efektu. Po powrocie do gabinetu pojawia\u0142a si\u0119 frustracja, bo wiedza nie przek\u0142ada\u0142a si\u0119 na praktyk\u0119. Success Smile jest odpowiedzi\u0105 na ten problem.\nProwadzimy Ci\u0119 \u201eza r\u0119k\u0119\u201d\nSzkolenie Success Smile krok po kroku przeprowadza przez pe\u0142n\u0105 przebudow\u0119 u\u015bmiechu \u2013 od planowania a\u017c po wykonanie kompletnej pracy na 10 z\u0119bach. Ka\u017cdy etap jest jasno opisany, uporz\u0105dkowany i wykonywany w \u015bci\u015ble okre\u015blonej sekwencji.\nProgram szkolenia\n1. Analiza u\u015bmiechu\nanaliza estetyczna u\u015bmiechu\nkszta\u0142ty pojedynczych z\u0119b\u00f3w\nidentyfikacja problem\u00f3w estetycznych\nCelem jest nauczenie si\u0119 dostrzegania punkt\u00f3w, kt\u00f3re realnie mo\u017cna poprawi\u0107, a nie intuicyjnego \u201erze\u017abienia\u201d.\n2. Pe\u0142na sekwencja Success Smile\nEtap r\u00f3\u017cowy \u2013 analiza girlandy dzi\u0105s\u0142owej i mo\u017cliwo\u015bci jej korekty\nEtap bia\u0142y \u2013 praca na tkankach z\u0119ba\nprzygotowanie powierzchni\npraca na matrycach Success Smile\nfaza pirata\nfaza bobra\nfaza Pedigree\nrama u\u015bmiechu\nnadawanie kszta\u0142tu\ncut back\nmalowanie\nfaza szkliwna\npolerowanie i finalne kszta\u0142ty\n2 dni intensywnej praktyki\nSuccess Smile to dwa dni ci\u0119\u017ckiej, praktycznej pracy na modelach. Kluczow\u0105 warto\u015bci\u0105 szkolenia jest rozpisanie ka\u017cdego etapu i mechaniczne, powtarzalne wykonywanie sekwencji, dzi\u0119ki czemu nawet osoby bez \u201eduszy artystycznej\u201d s\u0105 w stanie osi\u0105ga\u0107 pi\u0119kne, przewidywalne i powtarzalne efekty estetyczne.\nSuccess Smile to szkolenie dla tych, kt\u00f3rzy chc\u0105:\nprzesta\u0107 zgadywa\u0107,\nprzesta\u0107 si\u0119 frustrowa\u0107,\nzacz\u0105\u0107 wykonywa\u0107 estetyczne odbudowy w spos\u00f3b kontrolowany, logiczny i powtarzalny \u2013 od pierwszego dnia po kursie.<\/p>\t\t\t\t\t\t\t\t<\/div>\n\t\t\t\t\t<\/div>\n\t\t\t\t<\/div>\n\t\t<div class=\"elementor-element elementor-element-8e08c0f e-grid e-con-boxed e-con e-parent\" data-id=\"8e08c0f\" data-element_type=\"container\" data-e-type=\"container\">\n\t\t\t\t\t<div class=\"e-con-inner\">\n\t\t\t\t\t<\/div>\n\t\t\t\t<\/div>\n\t\t\t\t<\/div>","protected":false},"excerpt":{"rendered":"<p>Success Smile to intensywne, 2-dniowe szkolenie teoretyczno-praktyczne, kt\u00f3re prezentuje nowoczesne, w pe\u0142ni powtarzalne podej\u015bcie do wykonywania bezpo\u015brednich lic\u00f3wek kompozytowych. Zosta\u0142o [&hellip;]<\/p>\n","protected":false},"author":2,"featured_media":0,"parent":0,"menu_order":0,"comment_status":"closed","ping_status":"closed","template":"","meta":{"site-sidebar-layout":"no-sidebar","site-content-layout":"","ast-site-content-layout":"full-width-container","site-content-style":"default","site-sidebar-style":"default","ast-global-header-display":"","ast-banner-title-visibility":"","ast-main-header-display":"","ast-hfb-above-header-display":"","ast-hfb-below-header-display":"","ast-hfb-mobile-header-display":"","site-post-title":"","ast-breadcrumbs-content":"","ast-featured-img":"disabled","footer-sml-layout":"","theme-transparent-header-meta":"","adv-header-id-meta":"","stick-header-meta":"","header-above-stick-meta":"","header-main-stick-meta":"","header-below-stick-meta":"","astra-migrate-meta-layouts":"default","ast-page-background-enabled":"default","ast-page-background-meta":{"desktop":{"background-color":"var(--ast-global-color-5)","background-image":"","background-repeat":"repeat","background-position":"center center","background-size":"auto","background-attachment":"scroll","background-type":"","background-media":"","overlay-type":"","overlay-color":"","overlay-opacity":"","overlay-gradient":""},"tablet":{"background-color":"","background-image":"","background-repeat":"repeat","background-position":"center center","background-size":"auto","background-attachment":"scroll","background-type":"","background-media":"","overlay-type":"","overlay-color":"","overlay-opacity":"","overlay-gradient":""},"mobile":{"background-color":"","background-image":"","background-repeat":"repeat","background-position":"center center","background-size":"auto","background-attachment":"scroll","background-type":"","background-media":"","overlay-type":"","overlay-color":"","overlay-opacity":"","overlay-gradient":""}},"ast-content-background-meta":{"desktop":{"background-color":"var(--ast-global-color-4)","background-image":"","background-repeat":"repeat","background-position":"center center","background-size":"auto","background-attachment":"scroll","background-type":"","background-media":"","overlay-type":"","overlay-color":"","overlay-opacity":"","overlay-gradient":""},"tablet":{"background-color":"var(--ast-global-color-4)","background-image":"","background-repeat":"repeat","background-position":"center center","background-size":"auto","background-attachment":"scroll","background-type":"","background-media":"","overlay-type":"","overlay-color":"","overlay-opacity":"","overlay-gradient":""},"mobile":{"background-color":"var(--ast-global-color-4)","background-image":"","background-repeat":"repeat","background-position":"center center","background-size":"auto","background-attachment":"scroll","background-type":"","background-media":"","overlay-type":"","overlay-color":"","overlay-opacity":"","overlay-gradient":""}},"footnotes":""},"class_list":["post-696","page","type-page","status-publish","hentry"],"yoast_head":"<!-- This site is optimized with the Yoast SEO plugin v27.6 - https:\/\/yoast.com\/product\/yoast-seo-wordpress\/ -->\n<title>Elementor Strona #696 - The Good Dentist<\/title>\n<meta name=\"robots\" content=\"index, follow, max-snippet:-1, max-image-preview:large, max-video-preview:-1\" \/>\n<link rel=\"canonical\" href=\"https:\/\/thegooddentist.pl\/en\/elementor-strona-696\/\" \/>\n<meta property=\"og:locale\" content=\"en_GB\" \/>\n<meta property=\"og:type\" content=\"article\" \/>\n<meta property=\"og:title\" content=\"Elementor Strona #696 - The Good Dentist\" \/>\n<meta property=\"og:description\" content=\"Success Smile to intensywne, 2-dniowe szkolenie teoretyczno-praktyczne, kt\u00f3re prezentuje nowoczesne, w pe\u0142ni powtarzalne podej\u015bcie do wykonywania bezpo\u015brednich lic\u00f3wek kompozytowych. Zosta\u0142o [&hellip;]\" \/>\n<meta property=\"og:url\" content=\"https:\/\/thegooddentist.pl\/en\/elementor-strona-696\/\" \/>\n<meta property=\"og:site_name\" content=\"The Good Dentist\" \/>\n<meta property=\"article:modified_time\" content=\"2026-01-07T12:30:59+00:00\" \/>\n<meta property=\"og:image\" content=\"https:\/\/thegooddentist.pl\/wp-content\/uploads\/2026\/01\/logo-ssmile.001-2.jpeg\" \/>\n\t<meta property=\"og:image:width\" content=\"1920\" \/>\n\t<meta property=\"og:image:height\" content=\"1080\" \/>\n\t<meta property=\"og:image:type\" content=\"image\/jpeg\" \/>\n<meta name=\"twitter:card\" content=\"summary_large_image\" \/>\n<meta name=\"twitter:label1\" content=\"Estimated reading time\" \/>\n\t<meta name=\"twitter:data1\" content=\"2 minutes\" \/>\n<script type=\"application\/ld+json\" class=\"yoast-schema-graph\">{\"@context\":\"https:\\\/\\\/schema.org\",\"@graph\":[{\"@type\":\"WebPage\",\"@id\":\"https:\\\/\\\/thegooddentist.pl\\\/elementor-strona-696\\\/\",\"url\":\"https:\\\/\\\/thegooddentist.pl\\\/elementor-strona-696\\\/\",\"name\":\"Elementor Strona #696 - The Good Dentist\",\"isPartOf\":{\"@id\":\"https:\\\/\\\/thegooddentist.pl\\\/#website\"},\"primaryImageOfPage\":{\"@id\":\"https:\\\/\\\/thegooddentist.pl\\\/elementor-strona-696\\\/#primaryimage\"},\"image\":{\"@id\":\"https:\\\/\\\/thegooddentist.pl\\\/elementor-strona-696\\\/#primaryimage\"},\"thumbnailUrl\":\"https:\\\/\\\/thegooddentist.pl\\\/wp-content\\\/uploads\\\/2026\\\/01\\\/logo-ssmile.001-2-768x432.jpeg\",\"datePublished\":\"2026-01-07T12:09:43+00:00\",\"dateModified\":\"2026-01-07T12:30:59+00:00\",\"breadcrumb\":{\"@id\":\"https:\\\/\\\/thegooddentist.pl\\\/elementor-strona-696\\\/#breadcrumb\"},\"inLanguage\":\"en-GB\",\"potentialAction\":[{\"@type\":\"ReadAction\",\"target\":[\"https:\\\/\\\/thegooddentist.pl\\\/elementor-strona-696\\\/\"]}]},{\"@type\":\"ImageObject\",\"inLanguage\":\"en-GB\",\"@id\":\"https:\\\/\\\/thegooddentist.pl\\\/elementor-strona-696\\\/#primaryimage\",\"url\":\"https:\\\/\\\/thegooddentist.pl\\\/wp-content\\\/uploads\\\/2026\\\/01\\\/logo-ssmile.001-2-768x432.jpeg\",\"contentUrl\":\"https:\\\/\\\/thegooddentist.pl\\\/wp-content\\\/uploads\\\/2026\\\/01\\\/logo-ssmile.001-2-768x432.jpeg\"},{\"@type\":\"BreadcrumbList\",\"@id\":\"https:\\\/\\\/thegooddentist.pl\\\/elementor-strona-696\\\/#breadcrumb\",\"itemListElement\":[{\"@type\":\"ListItem\",\"position\":1,\"name\":\"Strona g\u0142\u00f3wna\",\"item\":\"https:\\\/\\\/thegooddentist.pl\\\/\"},{\"@type\":\"ListItem\",\"position\":2,\"name\":\"Elementor Strona #696\"}]},{\"@type\":\"WebSite\",\"@id\":\"https:\\\/\\\/thegooddentist.pl\\\/#website\",\"url\":\"https:\\\/\\\/thegooddentist.pl\\\/\",\"name\":\"The Good Dentist\",\"description\":\"\",\"publisher\":{\"@id\":\"https:\\\/\\\/thegooddentist.pl\\\/#organization\"},\"potentialAction\":[{\"@type\":\"SearchAction\",\"target\":{\"@type\":\"EntryPoint\",\"urlTemplate\":\"https:\\\/\\\/thegooddentist.pl\\\/?s={search_term_string}\"},\"query-input\":{\"@type\":\"PropertyValueSpecification\",\"valueRequired\":true,\"valueName\":\"search_term_string\"}}],\"inLanguage\":\"en-GB\"},{\"@type\":\"Organization\",\"@id\":\"https:\\\/\\\/thegooddentist.pl\\\/#organization\",\"name\":\"The Good Dentist\",\"url\":\"https:\\\/\\\/thegooddentist.pl\\\/\",\"logo\":{\"@type\":\"ImageObject\",\"inLanguage\":\"en-GB\",\"@id\":\"https:\\\/\\\/thegooddentist.pl\\\/#\\\/schema\\\/logo\\\/image\\\/\",\"url\":\"https:\\\/\\\/thegooddentist.pl\\\/wp-content\\\/uploads\\\/2025\\\/08\\\/cropped-Vector-File-03.jpg\",\"contentUrl\":\"https:\\\/\\\/thegooddentist.pl\\\/wp-content\\\/uploads\\\/2025\\\/08\\\/cropped-Vector-File-03.jpg\",\"width\":2210,\"height\":1352,\"caption\":\"The Good Dentist\"},\"image\":{\"@id\":\"https:\\\/\\\/thegooddentist.pl\\\/#\\\/schema\\\/logo\\\/image\\\/\"}}]}<\/script>\n<!-- \/ Yoast SEO plugin. -->","yoast_head_json":{"title":"Elementor Strona #696 - The Good Dentist","robots":{"index":"index","follow":"follow","max-snippet":"max-snippet:-1","max-image-preview":"max-image-preview:large","max-video-preview":"max-video-preview:-1"},"canonical":"https:\/\/thegooddentist.pl\/en\/elementor-strona-696\/","og_locale":"en_GB","og_type":"article","og_title":"Elementor Strona #696 - The Good Dentist","og_description":"Success Smile to intensywne, 2-dniowe szkolenie teoretyczno-praktyczne, kt\u00f3re prezentuje nowoczesne, w pe\u0142ni powtarzalne podej\u015bcie do wykonywania bezpo\u015brednich lic\u00f3wek kompozytowych. Zosta\u0142o [&hellip;]","og_url":"https:\/\/thegooddentist.pl\/en\/elementor-strona-696\/","og_site_name":"The Good Dentist","article_modified_time":"2026-01-07T12:30:59+00:00","og_image":[{"width":1920,"height":1080,"url":"https:\/\/thegooddentist.pl\/wp-content\/uploads\/2026\/01\/logo-ssmile.001-2.jpeg","type":"image\/jpeg"}],"twitter_card":"summary_large_image","twitter_misc":{"Estimated reading time":"2 minutes"},"schema":{"@context":"https:\/\/schema.org","@graph":[{"@type":"WebPage","@id":"https:\/\/thegooddentist.pl\/elementor-strona-696\/","url":"https:\/\/thegooddentist.pl\/elementor-strona-696\/","name":"Elementor Strona #696 - The Good Dentist","isPartOf":{"@id":"https:\/\/thegooddentist.pl\/#website"},"primaryImageOfPage":{"@id":"https:\/\/thegooddentist.pl\/elementor-strona-696\/#primaryimage"},"image":{"@id":"https:\/\/thegooddentist.pl\/elementor-strona-696\/#primaryimage"},"thumbnailUrl":"https:\/\/thegooddentist.pl\/wp-content\/uploads\/2026\/01\/logo-ssmile.001-2-768x432.jpeg","datePublished":"2026-01-07T12:09:43+00:00","dateModified":"2026-01-07T12:30:59+00:00","breadcrumb":{"@id":"https:\/\/thegooddentist.pl\/elementor-strona-696\/#breadcrumb"},"inLanguage":"en-GB","potentialAction":[{"@type":"ReadAction","target":["https:\/\/thegooddentist.pl\/elementor-strona-696\/"]}]},{"@type":"ImageObject","inLanguage":"en-GB","@id":"https:\/\/thegooddentist.pl\/elementor-strona-696\/#primaryimage","url":"https:\/\/thegooddentist.pl\/wp-content\/uploads\/2026\/01\/logo-ssmile.001-2-768x432.jpeg","contentUrl":"https:\/\/thegooddentist.pl\/wp-content\/uploads\/2026\/01\/logo-ssmile.001-2-768x432.jpeg"},{"@type":"BreadcrumbList","@id":"https:\/\/thegooddentist.pl\/elementor-strona-696\/#breadcrumb","itemListElement":[{"@type":"ListItem","position":1,"name":"Strona g\u0142\u00f3wna","item":"https:\/\/thegooddentist.pl\/"},{"@type":"ListItem","position":2,"name":"Elementor Strona #696"}]},{"@type":"WebSite","@id":"https:\/\/thegooddentist.pl\/#website","url":"https:\/\/thegooddentist.pl\/","name":"The Good Dentist","description":"","publisher":{"@id":"https:\/\/thegooddentist.pl\/#organization"},"potentialAction":[{"@type":"SearchAction","target":{"@type":"EntryPoint","urlTemplate":"https:\/\/thegooddentist.pl\/?s={search_term_string}"},"query-input":{"@type":"PropertyValueSpecification","valueRequired":true,"valueName":"search_term_string"}}],"inLanguage":"en-GB"},{"@type":"Organization","@id":"https:\/\/thegooddentist.pl\/#organization","name":"The Good Dentist","url":"https:\/\/thegooddentist.pl\/","logo":{"@type":"ImageObject","inLanguage":"en-GB","@id":"https:\/\/thegooddentist.pl\/#\/schema\/logo\/image\/","url":"https:\/\/thegooddentist.pl\/wp-content\/uploads\/2025\/08\/cropped-Vector-File-03.jpg","contentUrl":"https:\/\/thegooddentist.pl\/wp-content\/uploads\/2025\/08\/cropped-Vector-File-03.jpg","width":2210,"height":1352,"caption":"The Good Dentist"},"image":{"@id":"https:\/\/thegooddentist.pl\/#\/schema\/logo\/image\/"}}]}},"_links":{"self":[{"href":"https:\/\/thegooddentist.pl\/en\/wp-json\/wp\/v2\/pages\/696","targetHints":{"allow":["GET"]}}],"collection":[{"href":"https:\/\/thegooddentist.pl\/en\/wp-json\/wp\/v2\/pages"}],"about":[{"href":"https:\/\/thegooddentist.pl\/en\/wp-json\/wp\/v2\/types\/page"}],"author":[{"embeddable":true,"href":"https:\/\/thegooddentist.pl\/en\/wp-json\/wp\/v2\/users\/2"}],"replies":[{"embeddable":true,"href":"https:\/\/thegooddentist.pl\/en\/wp-json\/wp\/v2\/comments?post=696"}],"version-history":[{"count":13,"href":"https:\/\/thegooddentist.pl\/en\/wp-json\/wp\/v2\/pages\/696\/revisions"}],"predecessor-version":[{"id":716,"href":"https:\/\/thegooddentist.pl\/en\/wp-json\/wp\/v2\/pages\/696\/revisions\/716"}],"wp:attachment":[{"href":"https:\/\/thegooddentist.pl\/en\/wp-json\/wp\/v2\/media?parent=696"}],"curies":[{"name":"wp","href":"https:\/\/api.w.org\/{rel}","templated":true}]}}