{"id":74,"date":"2025-08-18T07:17:44","date_gmt":"2025-08-18T05:17:44","guid":{"rendered":"https:\/\/thegooddentist.pl\/?page_id=74"},"modified":"2025-08-21T11:00:13","modified_gmt":"2025-08-21T09:00:13","slug":"pierwsza-wizyta","status":"publish","type":"page","link":"https:\/\/thegooddentist.pl\/en\/pierwsza-wizyta\/","title":{"rendered":"First visit"},"content":{"rendered":"<div data-elementor-type=\"wp-page\" data-elementor-id=\"74\" class=\"elementor elementor-74\">\n\t\t\t\t<div class=\"elementor-element elementor-element-e2dff16 e-flex e-con-boxed e-con e-parent\" data-id=\"e2dff16\" data-element_type=\"container\" data-e-type=\"container\" data-settings=\"{&quot;background_background&quot;:&quot;classic&quot;}\">\n\t\t\t\t\t<div class=\"e-con-inner\">\n\t\t\t\t<div class=\"elementor-element elementor-element-c3010e5 elementor-widget elementor-widget-heading\" data-id=\"c3010e5\" data-element_type=\"widget\" data-e-type=\"widget\" data-widget_type=\"heading.default\">\n\t\t\t\t\t<h1 class=\"elementor-heading-title elementor-size-default\">First visit<\/h1>\t\t\t\t<\/div>\n\t\t\t\t\t<\/div>\n\t\t\t\t<\/div>\n\t\t<div class=\"elementor-element elementor-element-0e67c92 e-flex e-con-boxed e-con e-parent\" data-id=\"0e67c92\" data-element_type=\"container\" data-e-type=\"container\">\n\t\t\t\t\t<div class=\"e-con-inner\">\n\t\t\t\t<div class=\"elementor-element elementor-element-ccb1816 elementor-widget elementor-widget-text-editor\" data-id=\"ccb1816\" data-element_type=\"widget\" data-e-type=\"widget\" data-widget_type=\"text-editor.default\">\n\t\t\t\t\t\t\t\t\t<p>Every visit begins with a consultation and diagnostic assessment, during which the dentist examines the patient\u2019s oral health and discusses their needs and expectations. During this appointment, a preliminary treatment plan and cost estimate are also prepared. This will help you understand how long your treatment will take and what costs are involved.<\/p>\t\t\t\t\t\t\t\t<\/div>\n\t\t\t\t\t<\/div>\n\t\t\t\t<\/div>\n\t\t<div class=\"elementor-element elementor-element-6a64c0d e-flex e-con-boxed e-con e-parent\" data-id=\"6a64c0d\" data-element_type=\"container\" data-e-type=\"container\">\n\t\t\t\t\t<div class=\"e-con-inner\">\n\t\t\t\t<div class=\"elementor-element elementor-element-7e20c9d elementor-icon-list--layout-traditional elementor-list-item-link-full_width elementor-widget elementor-widget-icon-list\" data-id=\"7e20c9d\" data-element_type=\"widget\" data-e-type=\"widget\" data-widget_type=\"icon-list.default\">\n\t\t\t\t\t\t\t<ul class=\"elementor-icon-list-items\">\n\t\t\t\t\t\t\t<li class=\"elementor-icon-list-item\">\n\t\t\t\t\t\t\t\t\t\t\t<span class=\"elementor-icon-list-icon\">\n\t\t\t\t\t\t\t<svg aria-hidden=\"true\" class=\"e-font-icon-svg e-fas-check\" viewbox=\"0 0 512 512\" xmlns=\"http:\/\/www.w3.org\/2000\/svg\"><path d=\"M173.898 439.404l-166.4-166.4c-9.997-9.997-9.997-26.206 0-36.204l36.203-36.204c9.997-9.998 26.207-9.998 36.204 0L192 312.69 432.095 72.596c9.997-9.997 26.207-9.997 36.204 0l36.203 36.204c9.997 9.997 9.997 26.206 0 36.204l-294.4 294.401c-9.998 9.997-26.207 9.997-36.204-.001z\"><\/path><\/svg>\t\t\t\t\t\t<\/span>\n\t\t\t\t\t\t\t\t\t\t<span class=\"elementor-icon-list-text\">We start with a comprehensive diagnostic session.<\/span>\n\t\t\t\t\t\t\t\t\t<\/li>\n\t\t\t\t\t\t\t\t<li class=\"elementor-icon-list-item\">\n\t\t\t\t\t\t\t\t\t\t\t<span class=\"elementor-icon-list-icon\">\n\t\t\t\t\t\t\t<svg aria-hidden=\"true\" class=\"e-font-icon-svg e-fas-check\" viewbox=\"0 0 512 512\" xmlns=\"http:\/\/www.w3.org\/2000\/svg\"><path d=\"M173.898 439.404l-166.4-166.4c-9.997-9.997-9.997-26.206 0-36.204l36.203-36.204c9.997-9.998 26.207-9.998 36.204 0L192 312.69 432.095 72.596c9.997-9.997 26.207-9.997 36.204 0l36.203 36.204c9.997 9.997 9.997 26.206 0 36.204l-294.4 294.401c-9.998 9.997-26.207 9.997-36.204-.001z\"><\/path><\/svg>\t\t\t\t\t\t<\/span>\n\t\t\t\t\t\t\t\t\t\t<span class=\"elementor-icon-list-text\">We perform a full oral examination, including a panoramic X-ray or CT scan.<\/span>\n\t\t\t\t\t\t\t\t\t<\/li>\n\t\t\t\t\t\t\t\t<li class=\"elementor-icon-list-item\">\n\t\t\t\t\t\t\t\t\t\t\t<span class=\"elementor-icon-list-icon\">\n\t\t\t\t\t\t\t<svg aria-hidden=\"true\" class=\"e-font-icon-svg e-fas-check\" viewbox=\"0 0 512 512\" xmlns=\"http:\/\/www.w3.org\/2000\/svg\"><path d=\"M173.898 439.404l-166.4-166.4c-9.997-9.997-9.997-26.206 0-36.204l36.203-36.204c9.997-9.998 26.207-9.998 36.204 0L192 312.69 432.095 72.596c9.997-9.997 26.207-9.997 36.204 0l36.203 36.204c9.997 9.997 9.997 26.206 0 36.204l-294.4 294.401c-9.998 9.997-26.207 9.997-36.204-.001z\"><\/path><\/svg>\t\t\t\t\t\t<\/span>\n\t\t\t\t\t\t\t\t\t\t<span class=\"elementor-icon-list-text\">We present a personalized treatment plan.<\/span>\n\t\t\t\t\t\t\t\t\t<\/li>\n\t\t\t\t\t\t<\/ul>\n\t\t\t\t\t\t<\/div>\n\t\t\t\t\t<\/div>\n\t\t\t\t<\/div>\n\t\t<div class=\"elementor-element elementor-element-505ea5e e-flex e-con-boxed e-con e-parent\" data-id=\"505ea5e\" data-element_type=\"container\" data-e-type=\"container\">\n\t\t\t\t\t<div class=\"e-con-inner\">\n\t\t\t\t<div class=\"elementor-element elementor-element-fda4791 elementor-widget elementor-widget-heading\" data-id=\"fda4791\" data-element_type=\"widget\" data-e-type=\"widget\" data-widget_type=\"heading.default\">\n\t\t\t\t\t<h2 class=\"elementor-heading-title elementor-size-default\">Can\u2019t make your scheduled appointment?\n<\/h2>\t\t\t\t<\/div>\n\t\t\t\t<div class=\"elementor-element elementor-element-52fa3ec elementor-widget elementor-widget-text-editor\" data-id=\"52fa3ec\" data-element_type=\"widget\" data-e-type=\"widget\" data-widget_type=\"text-editor.default\">\n\t\t\t\t\t\t\t\t\t<p>Please let us know as early as possible so that we can offer you another convenient time.<\/p>\t\t\t\t\t\t\t\t<\/div>\n\t\t\t\t<div class=\"elementor-element elementor-element-35c8859 elementor-widget elementor-widget-text-editor\" data-id=\"35c8859\" data-element_type=\"widget\" data-e-type=\"widget\" data-widget_type=\"text-editor.default\">\n\t\t\t\t\t\t\t\t\t<p>\ud83d\udcde <strong data-start=\"641\" data-end=\"673\">Two days before your appointment,<\/strong> our Reception Team will contact you to remind you of your visit and confirm the appointment time.<\/p>\t\t\t\t\t\t\t\t<\/div>\n\t\t\t\t\t<\/div>\n\t\t\t\t<\/div>\n\t\t\t\t<\/div>","protected":false},"excerpt":{"rendered":"<p>Pierwsza wizyta Ka\u017cd\u0105 wizyt\u0119 rozpoczynamy od konsultacji i diagnostyki, \u00a0podczas kt\u00f3rej lekarz bada stan zdrowia jamy ustnej Pacjenta i rozmawia [&hellip;]<\/p>\n","protected":false},"author":1,"featured_media":0,"parent":0,"menu_order":0,"comment_status":"closed","ping_status":"closed","template":"","meta":{"site-sidebar-layout":"no-sidebar","site-content-layout":"","ast-site-content-layout":"full-width-container","site-content-style":"default","site-sidebar-style":"default","ast-global-header-display":"","ast-banner-title-visibility":"","ast-main-header-display":"","ast-hfb-above-header-display":"","ast-hfb-below-header-display":"","ast-hfb-mobile-header-display":"","site-post-title":"disabled","ast-breadcrumbs-content":"","ast-featured-img":"disabled","footer-sml-layout":"","theme-transparent-header-meta":"","adv-header-id-meta":"","stick-header-meta":"","header-above-stick-meta":"","header-main-stick-meta":"","header-below-stick-meta":"","astra-migrate-meta-layouts":"default","ast-page-background-enabled":"default","ast-page-background-meta":{"desktop":{"background-color":"var(--ast-global-color-5)","background-image":"","background-repeat":"repeat","background-position":"center center","background-size":"auto","background-attachment":"scroll","background-type":"","background-media":"","overlay-type":"","overlay-color":"","overlay-opacity":"","overlay-gradient":""},"tablet":{"background-color":"","background-image":"","background-repeat":"repeat","background-position":"center center","background-size":"auto","background-attachment":"scroll","background-type":"","background-media":"","overlay-type":"","overlay-color":"","overlay-opacity":"","overlay-gradient":""},"mobile":{"background-color":"","background-image":"","background-repeat":"repeat","background-position":"center center","background-size":"auto","background-attachment":"scroll","background-type":"","background-media":"","overlay-type":"","overlay-color":"","overlay-opacity":"","overlay-gradient":""}},"ast-content-background-meta":{"desktop":{"background-color":"var(--ast-global-color-4)","background-image":"","background-repeat":"repeat","background-position":"center center","background-size":"auto","background-attachment":"scroll","background-type":"","background-media":"","overlay-type":"","overlay-color":"","overlay-opacity":"","overlay-gradient":""},"tablet":{"background-color":"var(--ast-global-color-4)","background-image":"","background-repeat":"repeat","background-position":"center center","background-size":"auto","background-attachment":"scroll","background-type":"","background-media":"","overlay-type":"","overlay-color":"","overlay-opacity":"","overlay-gradient":""},"mobile":{"background-color":"var(--ast-global-color-4)","background-image":"","background-repeat":"repeat","background-position":"center center","background-size":"auto","background-attachment":"scroll","background-type":"","background-media":"","overlay-type":"","overlay-color":"","overlay-opacity":"","overlay-gradient":""}},"footnotes":""},"class_list":["post-74","page","type-page","status-publish","hentry"],"yoast_head":"<!-- This site is optimized with the Yoast SEO plugin v27.6 - https:\/\/yoast.com\/product\/yoast-seo-wordpress\/ -->\n<title>Pierwsza wizyta - The Good Dentist<\/title>\n<meta name=\"robots\" content=\"index, follow, max-snippet:-1, max-image-preview:large, max-video-preview:-1\" \/>\n<link rel=\"canonical\" href=\"https:\/\/thegooddentist.pl\/en\/pierwsza-wizyta\/\" \/>\n<meta property=\"og:locale\" content=\"en_GB\" \/>\n<meta property=\"og:type\" content=\"article\" \/>\n<meta property=\"og:title\" content=\"Pierwsza wizyta - The Good Dentist\" \/>\n<meta property=\"og:description\" content=\"Pierwsza wizyta Ka\u017cd\u0105 wizyt\u0119 rozpoczynamy od konsultacji i diagnostyki, \u00a0podczas kt\u00f3rej lekarz bada stan zdrowia jamy ustnej Pacjenta i rozmawia [&hellip;]\" \/>\n<meta property=\"og:url\" content=\"https:\/\/thegooddentist.pl\/en\/pierwsza-wizyta\/\" \/>\n<meta property=\"og:site_name\" content=\"The Good Dentist\" \/>\n<meta property=\"article:modified_time\" content=\"2025-08-21T09:00:13+00:00\" \/>\n<meta name=\"twitter:card\" content=\"summary_large_image\" \/>\n<meta name=\"twitter:label1\" content=\"Estimated reading time\" \/>\n\t<meta name=\"twitter:data1\" content=\"1 minute\" \/>\n<script type=\"application\/ld+json\" class=\"yoast-schema-graph\">{\"@context\":\"https:\\\/\\\/schema.org\",\"@graph\":[{\"@type\":\"WebPage\",\"@id\":\"https:\\\/\\\/thegooddentist.pl\\\/pierwsza-wizyta\\\/\",\"url\":\"https:\\\/\\\/thegooddentist.pl\\\/pierwsza-wizyta\\\/\",\"name\":\"Pierwsza wizyta - The Good Dentist\",\"isPartOf\":{\"@id\":\"https:\\\/\\\/thegooddentist.pl\\\/#website\"},\"datePublished\":\"2025-08-18T05:17:44+00:00\",\"dateModified\":\"2025-08-21T09:00:13+00:00\",\"breadcrumb\":{\"@id\":\"https:\\\/\\\/thegooddentist.pl\\\/pierwsza-wizyta\\\/#breadcrumb\"},\"inLanguage\":\"en-GB\",\"potentialAction\":[{\"@type\":\"ReadAction\",\"target\":[\"https:\\\/\\\/thegooddentist.pl\\\/pierwsza-wizyta\\\/\"]}]},{\"@type\":\"BreadcrumbList\",\"@id\":\"https:\\\/\\\/thegooddentist.pl\\\/pierwsza-wizyta\\\/#breadcrumb\",\"itemListElement\":[{\"@type\":\"ListItem\",\"position\":1,\"name\":\"Strona g\u0142\u00f3wna\",\"item\":\"https:\\\/\\\/thegooddentist.pl\\\/\"},{\"@type\":\"ListItem\",\"position\":2,\"name\":\"Pierwsza wizyta\"}]},{\"@type\":\"WebSite\",\"@id\":\"https:\\\/\\\/thegooddentist.pl\\\/#website\",\"url\":\"https:\\\/\\\/thegooddentist.pl\\\/\",\"name\":\"The Good Dentist\",\"description\":\"\",\"publisher\":{\"@id\":\"https:\\\/\\\/thegooddentist.pl\\\/#organization\"},\"potentialAction\":[{\"@type\":\"SearchAction\",\"target\":{\"@type\":\"EntryPoint\",\"urlTemplate\":\"https:\\\/\\\/thegooddentist.pl\\\/?s={search_term_string}\"},\"query-input\":{\"@type\":\"PropertyValueSpecification\",\"valueRequired\":true,\"valueName\":\"search_term_string\"}}],\"inLanguage\":\"en-GB\"},{\"@type\":\"Organization\",\"@id\":\"https:\\\/\\\/thegooddentist.pl\\\/#organization\",\"name\":\"The Good Dentist\",\"url\":\"https:\\\/\\\/thegooddentist.pl\\\/\",\"logo\":{\"@type\":\"ImageObject\",\"inLanguage\":\"en-GB\",\"@id\":\"https:\\\/\\\/thegooddentist.pl\\\/#\\\/schema\\\/logo\\\/image\\\/\",\"url\":\"https:\\\/\\\/thegooddentist.pl\\\/wp-content\\\/uploads\\\/2025\\\/08\\\/cropped-Vector-File-03.jpg\",\"contentUrl\":\"https:\\\/\\\/thegooddentist.pl\\\/wp-content\\\/uploads\\\/2025\\\/08\\\/cropped-Vector-File-03.jpg\",\"width\":2210,\"height\":1352,\"caption\":\"The Good Dentist\"},\"image\":{\"@id\":\"https:\\\/\\\/thegooddentist.pl\\\/#\\\/schema\\\/logo\\\/image\\\/\"}}]}<\/script>\n<!-- \/ Yoast SEO plugin. -->","yoast_head_json":{"title":"Pierwsza wizyta - The Good Dentist","robots":{"index":"index","follow":"follow","max-snippet":"max-snippet:-1","max-image-preview":"max-image-preview:large","max-video-preview":"max-video-preview:-1"},"canonical":"https:\/\/thegooddentist.pl\/en\/pierwsza-wizyta\/","og_locale":"en_GB","og_type":"article","og_title":"Pierwsza wizyta - The Good Dentist","og_description":"Pierwsza wizyta Ka\u017cd\u0105 wizyt\u0119 rozpoczynamy od konsultacji i diagnostyki, \u00a0podczas kt\u00f3rej lekarz bada stan zdrowia jamy ustnej Pacjenta i rozmawia [&hellip;]","og_url":"https:\/\/thegooddentist.pl\/en\/pierwsza-wizyta\/","og_site_name":"The Good Dentist","article_modified_time":"2025-08-21T09:00:13+00:00","twitter_card":"summary_large_image","twitter_misc":{"Estimated reading time":"1 minute"},"schema":{"@context":"https:\/\/schema.org","@graph":[{"@type":"WebPage","@id":"https:\/\/thegooddentist.pl\/pierwsza-wizyta\/","url":"https:\/\/thegooddentist.pl\/pierwsza-wizyta\/","name":"Pierwsza wizyta - The Good Dentist","isPartOf":{"@id":"https:\/\/thegooddentist.pl\/#website"},"datePublished":"2025-08-18T05:17:44+00:00","dateModified":"2025-08-21T09:00:13+00:00","breadcrumb":{"@id":"https:\/\/thegooddentist.pl\/pierwsza-wizyta\/#breadcrumb"},"inLanguage":"en-GB","potentialAction":[{"@type":"ReadAction","target":["https:\/\/thegooddentist.pl\/pierwsza-wizyta\/"]}]},{"@type":"BreadcrumbList","@id":"https:\/\/thegooddentist.pl\/pierwsza-wizyta\/#breadcrumb","itemListElement":[{"@type":"ListItem","position":1,"name":"Strona g\u0142\u00f3wna","item":"https:\/\/thegooddentist.pl\/"},{"@type":"ListItem","position":2,"name":"Pierwsza wizyta"}]},{"@type":"WebSite","@id":"https:\/\/thegooddentist.pl\/#website","url":"https:\/\/thegooddentist.pl\/","name":"The Good Dentist","description":"","publisher":{"@id":"https:\/\/thegooddentist.pl\/#organization"},"potentialAction":[{"@type":"SearchAction","target":{"@type":"EntryPoint","urlTemplate":"https:\/\/thegooddentist.pl\/?s={search_term_string}"},"query-input":{"@type":"PropertyValueSpecification","valueRequired":true,"valueName":"search_term_string"}}],"inLanguage":"en-GB"},{"@type":"Organization","@id":"https:\/\/thegooddentist.pl\/#organization","name":"The Good Dentist","url":"https:\/\/thegooddentist.pl\/","logo":{"@type":"ImageObject","inLanguage":"en-GB","@id":"https:\/\/thegooddentist.pl\/#\/schema\/logo\/image\/","url":"https:\/\/thegooddentist.pl\/wp-content\/uploads\/2025\/08\/cropped-Vector-File-03.jpg","contentUrl":"https:\/\/thegooddentist.pl\/wp-content\/uploads\/2025\/08\/cropped-Vector-File-03.jpg","width":2210,"height":1352,"caption":"The Good Dentist"},"image":{"@id":"https:\/\/thegooddentist.pl\/#\/schema\/logo\/image\/"}}]}},"_links":{"self":[{"href":"https:\/\/thegooddentist.pl\/en\/wp-json\/wp\/v2\/pages\/74","targetHints":{"allow":["GET"]}}],"collection":[{"href":"https:\/\/thegooddentist.pl\/en\/wp-json\/wp\/v2\/pages"}],"about":[{"href":"https:\/\/thegooddentist.pl\/en\/wp-json\/wp\/v2\/types\/page"}],"author":[{"embeddable":true,"href":"https:\/\/thegooddentist.pl\/en\/wp-json\/wp\/v2\/users\/1"}],"replies":[{"embeddable":true,"href":"https:\/\/thegooddentist.pl\/en\/wp-json\/wp\/v2\/comments?post=74"}],"version-history":[{"count":13,"href":"https:\/\/thegooddentist.pl\/en\/wp-json\/wp\/v2\/pages\/74\/revisions"}],"predecessor-version":[{"id":340,"href":"https:\/\/thegooddentist.pl\/en\/wp-json\/wp\/v2\/pages\/74\/revisions\/340"}],"wp:attachment":[{"href":"https:\/\/thegooddentist.pl\/en\/wp-json\/wp\/v2\/media?parent=74"}],"curies":[{"name":"wp","href":"https:\/\/api.w.org\/{rel}","templated":true}]}}