{"id":96,"date":"2025-08-18T07:22:17","date_gmt":"2025-08-18T05:22:17","guid":{"rendered":"https:\/\/thegooddentist.pl\/?page_id=96"},"modified":"2025-09-30T00:41:46","modified_gmt":"2025-09-29T22:41:46","slug":"standardy-ochrony-maloletnich","status":"publish","type":"page","link":"https:\/\/thegooddentist.pl\/en\/standardy-ochrony-maloletnich\/","title":{"rendered":"Standards for the Protection of Minors"},"content":{"rendered":"<div data-elementor-type=\"wp-page\" data-elementor-id=\"96\" class=\"elementor elementor-96\">\n\t\t\t\t<div class=\"elementor-element elementor-element-62f9ddf7 e-flex e-con-boxed e-con e-parent\" data-id=\"62f9ddf7\" data-element_type=\"container\" data-e-type=\"container\" data-settings=\"{&quot;background_background&quot;:&quot;classic&quot;}\">\n\t\t\t\t\t<div class=\"e-con-inner\">\n\t\t\t\t<div class=\"elementor-element elementor-element-703d898d elementor-widget elementor-widget-heading\" data-id=\"703d898d\" data-element_type=\"widget\" data-e-type=\"widget\" data-widget_type=\"heading.default\">\n\t\t\t\t\t<h1 class=\"elementor-heading-title elementor-size-default\">Standards for the Protection of Minors<\/h1>\t\t\t\t<\/div>\n\t\t\t\t\t<\/div>\n\t\t\t\t<\/div>\n\t\t<div class=\"elementor-element elementor-element-7b7220e3 e-flex e-con-boxed e-con e-parent\" data-id=\"7b7220e3\" data-element_type=\"container\" data-e-type=\"container\">\n\t\t\t\t\t<div class=\"e-con-inner\">\n\t\t\t\t<div class=\"elementor-element elementor-element-5af4fd2d elementor-widget elementor-widget-spacer\" data-id=\"5af4fd2d\" data-element_type=\"widget\" data-e-type=\"widget\" data-widget_type=\"spacer.default\">\n\t\t\t\t\t\t\t<div class=\"elementor-spacer\">\n\t\t\t<div class=\"elementor-spacer-inner\"><\/div>\n\t\t<\/div>\n\t\t\t\t\t\t<\/div>\n\t\t\t\t<div class=\"elementor-element elementor-element-fdd4345 elementor-align-justify elementor-widget elementor-widget-button\" data-id=\"fdd4345\" data-element_type=\"widget\" data-e-type=\"widget\" data-widget_type=\"button.default\">\n\t\t\t\t\t\t\t\t\t\t<a class=\"elementor-button elementor-button-link elementor-size-sm\" href=\"https:\/\/thegooddentist.pl\/wp-content\/uploads\/2025\/09\/Standardy-ochrony-maloletnich-The-Good-Dentist-Maciej-Czerwinski.pdf\">\n\t\t\t\t\t\t<span class=\"elementor-button-content-wrapper\">\n\t\t\t\t\t\t\t\t\t<span class=\"elementor-button-text\">Standards for the Protection of Minors<\/span>\n\t\t\t\t\t<\/span>\n\t\t\t\t\t<\/a>\n\t\t\t\t\t\t\t\t<\/div>\n\t\t\t\t<div class=\"elementor-element elementor-element-55529272 elementor-align-justify elementor-widget elementor-widget-button\" data-id=\"55529272\" data-element_type=\"widget\" data-e-type=\"widget\" data-widget_type=\"button.default\">\n\t\t\t\t\t\t\t\t\t\t<a class=\"elementor-button elementor-button-link elementor-size-sm\" href=\"https:\/\/thegooddentist.pl\/wp-content\/uploads\/2025\/09\/Zalacznik-nr-5-Informacje-dla-malych-Pacjentow-Skrocona-wersja-Standardow-Ochrony-Maloletnich.pdf\">\n\t\t\t\t\t\t<span class=\"elementor-button-content-wrapper\">\n\t\t\t\t\t\t\t\t\t<span class=\"elementor-button-text\">Standards for the Protection of Minors - short version<\/span>\n\t\t\t\t\t<\/span>\n\t\t\t\t\t<\/a>\n\t\t\t\t\t\t\t\t<\/div>\n\t\t\t\t<div class=\"elementor-element elementor-element-c1db6ec elementor-widget elementor-widget-spacer\" data-id=\"c1db6ec\" data-element_type=\"widget\" data-e-type=\"widget\" data-widget_type=\"spacer.default\">\n\t\t\t\t\t\t\t<div class=\"elementor-spacer\">\n\t\t\t<div class=\"elementor-spacer-inner\"><\/div>\n\t\t<\/div>\n\t\t\t\t\t\t<\/div>\n\t\t\t\t\t<\/div>\n\t\t\t\t<\/div>\n\t\t\t\t<\/div>","protected":false},"excerpt":{"rendered":"<p>Standardy Ochrony Ma\u0142oletnich Standardy Ochrony Ma\u0142oletnich Standardy Ochrony Ma\u0142oletnich &#8211; wersja skr\u00f3cona<\/p>","protected":false},"author":1,"featured_media":0,"parent":0,"menu_order":0,"comment_status":"closed","ping_status":"closed","template":"","meta":{"site-sidebar-layout":"no-sidebar","site-content-layout":"","ast-site-content-layout":"full-width-container","site-content-style":"default","site-sidebar-style":"default","ast-global-header-display":"","ast-banner-title-visibility":"","ast-main-header-display":"","ast-hfb-above-header-display":"","ast-hfb-below-header-display":"","ast-hfb-mobile-header-display":"","site-post-title":"disabled","ast-breadcrumbs-content":"","ast-featured-img":"disabled","footer-sml-layout":"","theme-transparent-header-meta":"","adv-header-id-meta":"","stick-header-meta":"","header-above-stick-meta":"","header-main-stick-meta":"","header-below-stick-meta":"","astra-migrate-meta-layouts":"default","ast-page-background-enabled":"default","ast-page-background-meta":{"desktop":{"background-color":"var(--ast-global-color-5)","background-image":"","background-repeat":"repeat","background-position":"center center","background-size":"auto","background-attachment":"scroll","background-type":"","background-media":"","overlay-type":"","overlay-color":"","overlay-opacity":"","overlay-gradient":""},"tablet":{"background-color":"","background-image":"","background-repeat":"repeat","background-position":"center center","background-size":"auto","background-attachment":"scroll","background-type":"","background-media":"","overlay-type":"","overlay-color":"","overlay-opacity":"","overlay-gradient":""},"mobile":{"background-color":"","background-image":"","background-repeat":"repeat","background-position":"center center","background-size":"auto","background-attachment":"scroll","background-type":"","background-media":"","overlay-type":"","overlay-color":"","overlay-opacity":"","overlay-gradient":""}},"ast-content-background-meta":{"desktop":{"background-color":"var(--ast-global-color-4)","background-image":"","background-repeat":"repeat","background-position":"center center","background-size":"auto","background-attachment":"scroll","background-type":"","background-media":"","overlay-type":"","overlay-color":"","overlay-opacity":"","overlay-gradient":""},"tablet":{"background-color":"var(--ast-global-color-4)","background-image":"","background-repeat":"repeat","background-position":"center center","background-size":"auto","background-attachment":"scroll","background-type":"","background-media":"","overlay-type":"","overlay-color":"","overlay-opacity":"","overlay-gradient":""},"mobile":{"background-color":"var(--ast-global-color-4)","background-image":"","background-repeat":"repeat","background-position":"center center","background-size":"auto","background-attachment":"scroll","background-type":"","background-media":"","overlay-type":"","overlay-color":"","overlay-opacity":"","overlay-gradient":""}},"footnotes":""},"class_list":["post-96","page","type-page","status-publish","hentry"],"yoast_head":"<!-- This site is optimized with the Yoast SEO plugin v27.6 - https:\/\/yoast.com\/product\/yoast-seo-wordpress\/ -->\n<title>Standardy Ochrony Ma\u0142oletnich - The Good Dentist<\/title>\n<meta name=\"robots\" content=\"index, follow, max-snippet:-1, max-image-preview:large, max-video-preview:-1\" \/>\n<link rel=\"canonical\" href=\"https:\/\/thegooddentist.pl\/en\/standardy-ochrony-maloletnich\/\" \/>\n<meta property=\"og:locale\" content=\"en_GB\" \/>\n<meta property=\"og:type\" content=\"article\" \/>\n<meta property=\"og:title\" content=\"Standardy Ochrony Ma\u0142oletnich - The Good Dentist\" \/>\n<meta property=\"og:description\" content=\"Standardy Ochrony Ma\u0142oletnich Standardy Ochrony Ma\u0142oletnich Standardy Ochrony Ma\u0142oletnich &#8211; wersja skr\u00f3cona\" \/>\n<meta property=\"og:url\" content=\"https:\/\/thegooddentist.pl\/en\/standardy-ochrony-maloletnich\/\" \/>\n<meta property=\"og:site_name\" content=\"The Good Dentist\" \/>\n<meta property=\"article:modified_time\" content=\"2025-09-29T22:41:46+00:00\" \/>\n<meta name=\"twitter:card\" content=\"summary_large_image\" \/>\n<meta name=\"twitter:label1\" content=\"Estimated reading time\" \/>\n\t<meta name=\"twitter:data1\" content=\"1 minute\" \/>\n<script type=\"application\/ld+json\" class=\"yoast-schema-graph\">{\"@context\":\"https:\\\/\\\/schema.org\",\"@graph\":[{\"@type\":\"WebPage\",\"@id\":\"https:\\\/\\\/thegooddentist.pl\\\/standardy-ochrony-maloletnich\\\/\",\"url\":\"https:\\\/\\\/thegooddentist.pl\\\/standardy-ochrony-maloletnich\\\/\",\"name\":\"Standardy Ochrony Ma\u0142oletnich - The Good Dentist\",\"isPartOf\":{\"@id\":\"https:\\\/\\\/thegooddentist.pl\\\/#website\"},\"datePublished\":\"2025-08-18T05:22:17+00:00\",\"dateModified\":\"2025-09-29T22:41:46+00:00\",\"breadcrumb\":{\"@id\":\"https:\\\/\\\/thegooddentist.pl\\\/standardy-ochrony-maloletnich\\\/#breadcrumb\"},\"inLanguage\":\"en-GB\",\"potentialAction\":[{\"@type\":\"ReadAction\",\"target\":[\"https:\\\/\\\/thegooddentist.pl\\\/standardy-ochrony-maloletnich\\\/\"]}]},{\"@type\":\"BreadcrumbList\",\"@id\":\"https:\\\/\\\/thegooddentist.pl\\\/standardy-ochrony-maloletnich\\\/#breadcrumb\",\"itemListElement\":[{\"@type\":\"ListItem\",\"position\":1,\"name\":\"Strona g\u0142\u00f3wna\",\"item\":\"https:\\\/\\\/thegooddentist.pl\\\/\"},{\"@type\":\"ListItem\",\"position\":2,\"name\":\"Standardy Ochrony Ma\u0142oletnich\"}]},{\"@type\":\"WebSite\",\"@id\":\"https:\\\/\\\/thegooddentist.pl\\\/#website\",\"url\":\"https:\\\/\\\/thegooddentist.pl\\\/\",\"name\":\"The Good Dentist\",\"description\":\"\",\"publisher\":{\"@id\":\"https:\\\/\\\/thegooddentist.pl\\\/#organization\"},\"potentialAction\":[{\"@type\":\"SearchAction\",\"target\":{\"@type\":\"EntryPoint\",\"urlTemplate\":\"https:\\\/\\\/thegooddentist.pl\\\/?s={search_term_string}\"},\"query-input\":{\"@type\":\"PropertyValueSpecification\",\"valueRequired\":true,\"valueName\":\"search_term_string\"}}],\"inLanguage\":\"en-GB\"},{\"@type\":\"Organization\",\"@id\":\"https:\\\/\\\/thegooddentist.pl\\\/#organization\",\"name\":\"The Good Dentist\",\"url\":\"https:\\\/\\\/thegooddentist.pl\\\/\",\"logo\":{\"@type\":\"ImageObject\",\"inLanguage\":\"en-GB\",\"@id\":\"https:\\\/\\\/thegooddentist.pl\\\/#\\\/schema\\\/logo\\\/image\\\/\",\"url\":\"https:\\\/\\\/thegooddentist.pl\\\/wp-content\\\/uploads\\\/2025\\\/08\\\/cropped-Vector-File-03.jpg\",\"contentUrl\":\"https:\\\/\\\/thegooddentist.pl\\\/wp-content\\\/uploads\\\/2025\\\/08\\\/cropped-Vector-File-03.jpg\",\"width\":2210,\"height\":1352,\"caption\":\"The Good Dentist\"},\"image\":{\"@id\":\"https:\\\/\\\/thegooddentist.pl\\\/#\\\/schema\\\/logo\\\/image\\\/\"}}]}<\/script>\n<!-- \/ Yoast SEO plugin. -->","yoast_head_json":{"title":"Standardy Ochrony Ma\u0142oletnich - The Good Dentist","robots":{"index":"index","follow":"follow","max-snippet":"max-snippet:-1","max-image-preview":"max-image-preview:large","max-video-preview":"max-video-preview:-1"},"canonical":"https:\/\/thegooddentist.pl\/en\/standardy-ochrony-maloletnich\/","og_locale":"en_GB","og_type":"article","og_title":"Standardy Ochrony Ma\u0142oletnich - The Good Dentist","og_description":"Standardy Ochrony Ma\u0142oletnich Standardy Ochrony Ma\u0142oletnich Standardy Ochrony Ma\u0142oletnich &#8211; wersja skr\u00f3cona","og_url":"https:\/\/thegooddentist.pl\/en\/standardy-ochrony-maloletnich\/","og_site_name":"The Good Dentist","article_modified_time":"2025-09-29T22:41:46+00:00","twitter_card":"summary_large_image","twitter_misc":{"Estimated reading time":"1 minute"},"schema":{"@context":"https:\/\/schema.org","@graph":[{"@type":"WebPage","@id":"https:\/\/thegooddentist.pl\/standardy-ochrony-maloletnich\/","url":"https:\/\/thegooddentist.pl\/standardy-ochrony-maloletnich\/","name":"Standardy Ochrony Ma\u0142oletnich - The Good Dentist","isPartOf":{"@id":"https:\/\/thegooddentist.pl\/#website"},"datePublished":"2025-08-18T05:22:17+00:00","dateModified":"2025-09-29T22:41:46+00:00","breadcrumb":{"@id":"https:\/\/thegooddentist.pl\/standardy-ochrony-maloletnich\/#breadcrumb"},"inLanguage":"en-GB","potentialAction":[{"@type":"ReadAction","target":["https:\/\/thegooddentist.pl\/standardy-ochrony-maloletnich\/"]}]},{"@type":"BreadcrumbList","@id":"https:\/\/thegooddentist.pl\/standardy-ochrony-maloletnich\/#breadcrumb","itemListElement":[{"@type":"ListItem","position":1,"name":"Strona g\u0142\u00f3wna","item":"https:\/\/thegooddentist.pl\/"},{"@type":"ListItem","position":2,"name":"Standardy Ochrony Ma\u0142oletnich"}]},{"@type":"WebSite","@id":"https:\/\/thegooddentist.pl\/#website","url":"https:\/\/thegooddentist.pl\/","name":"The Good Dentist","description":"","publisher":{"@id":"https:\/\/thegooddentist.pl\/#organization"},"potentialAction":[{"@type":"SearchAction","target":{"@type":"EntryPoint","urlTemplate":"https:\/\/thegooddentist.pl\/?s={search_term_string}"},"query-input":{"@type":"PropertyValueSpecification","valueRequired":true,"valueName":"search_term_string"}}],"inLanguage":"en-GB"},{"@type":"Organization","@id":"https:\/\/thegooddentist.pl\/#organization","name":"The Good Dentist","url":"https:\/\/thegooddentist.pl\/","logo":{"@type":"ImageObject","inLanguage":"en-GB","@id":"https:\/\/thegooddentist.pl\/#\/schema\/logo\/image\/","url":"https:\/\/thegooddentist.pl\/wp-content\/uploads\/2025\/08\/cropped-Vector-File-03.jpg","contentUrl":"https:\/\/thegooddentist.pl\/wp-content\/uploads\/2025\/08\/cropped-Vector-File-03.jpg","width":2210,"height":1352,"caption":"The Good Dentist"},"image":{"@id":"https:\/\/thegooddentist.pl\/#\/schema\/logo\/image\/"}}]}},"_links":{"self":[{"href":"https:\/\/thegooddentist.pl\/en\/wp-json\/wp\/v2\/pages\/96","targetHints":{"allow":["GET"]}}],"collection":[{"href":"https:\/\/thegooddentist.pl\/en\/wp-json\/wp\/v2\/pages"}],"about":[{"href":"https:\/\/thegooddentist.pl\/en\/wp-json\/wp\/v2\/types\/page"}],"author":[{"embeddable":true,"href":"https:\/\/thegooddentist.pl\/en\/wp-json\/wp\/v2\/users\/1"}],"replies":[{"embeddable":true,"href":"https:\/\/thegooddentist.pl\/en\/wp-json\/wp\/v2\/comments?post=96"}],"version-history":[{"count":13,"href":"https:\/\/thegooddentist.pl\/en\/wp-json\/wp\/v2\/pages\/96\/revisions"}],"predecessor-version":[{"id":627,"href":"https:\/\/thegooddentist.pl\/en\/wp-json\/wp\/v2\/pages\/96\/revisions\/627"}],"wp:attachment":[{"href":"https:\/\/thegooddentist.pl\/en\/wp-json\/wp\/v2\/media?parent=96"}],"curies":[{"name":"wp","href":"https:\/\/api.w.org\/{rel}","templated":true}]}}